{"id":1861,"date":"2026-03-06T10:53:59","date_gmt":"2026-03-06T10:53:59","guid":{"rendered":"https:\/\/maroboats.com\/?page_id=1861"},"modified":"2026-03-10T10:00:18","modified_gmt":"2026-03-10T10:00:18","slug":"fira-del-vaixell-dempuriabrava","status":"publish","type":"page","link":"https:\/\/maroboats.com\/en\/fira-del-vaixell-dempuriabrava\/","title":{"rendered":"Fira del Vaixell d&#8217;Empuriabrava"},"content":{"rendered":"\t\t<div data-elementor-type=\"wp-page\" data-elementor-id=\"1861\" class=\"elementor elementor-1861\" data-elementor-post-type=\"page\">\n\t\t\t\t\t\t<section class=\"elementor-section elementor-top-section elementor-element elementor-element-b791184 elementor-section-height-full elementor-section-boxed elementor-section-height-default elementor-section-items-middle\" data-id=\"b791184\" data-element_type=\"section\" data-e-type=\"section\" data-settings=\"{&quot;background_background&quot;:&quot;video&quot;,&quot;background_video_link&quot;:&quot;https:\\\/\\\/maroboats.com\\\/wp-content\\\/uploads\\\/2026\\\/03\\\/IMG_7265.mp4&quot;,&quot;background_play_on_mobile&quot;:&quot;yes&quot;}\">\n\t\t\t\t\t\t\t\t<div class=\"elementor-background-video-container\">\n\t\t\t\t\t\t\t\t\t\t\t\t\t<video class=\"elementor-background-video-hosted\" role=\"presentation\" autoplay muted playsinline loop><\/video>\n\t\t\t\t\t\t\t\t\t\t\t<\/div>\n\t\t\t\t\t\t\t\t\t<div class=\"elementor-background-overlay\"><\/div>\n\t\t\t\t\t\t\t<div class=\"elementor-container elementor-column-gap-default\">\n\t\t\t\t\t<div class=\"elementor-column elementor-col-100 elementor-top-column elementor-element elementor-element-cce08b0\" data-id=\"cce08b0\" data-element_type=\"column\" data-e-type=\"column\">\n\t\t\t<div class=\"elementor-widget-wrap elementor-element-populated\">\n\t\t\t\t\t\t<div class=\"elementor-element elementor-element-3373622 elementor-widget elementor-widget-heading\" data-id=\"3373622\" data-element_type=\"widget\" data-e-type=\"widget\" data-widget_type=\"heading.default\">\n\t\t\t\t<div class=\"elementor-widget-container\">\n\t\t\t\t\t<h1 class=\"elementor-heading-title elementor-size-default\">\u00a1Descubre las semirr\u00edgidas de Maro Boats!<\/h1>\t\t\t\t<\/div>\n\t\t\t\t<\/div>\n\t\t\t\t<div class=\"elementor-element elementor-element-62e1be7 elementor-widget elementor-widget-heading\" data-id=\"62e1be7\" data-element_type=\"widget\" data-e-type=\"widget\" data-widget_type=\"heading.default\">\n\t\t\t\t<div class=\"elementor-widget-container\">\n\t\t\t\t\t<h1 class=\"elementor-heading-title elementor-size-default\">Ven a vernos en la Fira del Vaixell d'Ocasi\u00f3<\/h1>\t\t\t\t<\/div>\n\t\t\t\t<\/div>\n\t\t\t\t<section class=\"elementor-section elementor-inner-section elementor-element elementor-element-bf77f18 elementor-section-boxed elementor-section-height-default elementor-section-height-default\" data-id=\"bf77f18\" data-element_type=\"section\" data-e-type=\"section\">\n\t\t\t\t\t\t<div class=\"elementor-container elementor-column-gap-wide\">\n\t\t\t\t\t<div class=\"elementor-column elementor-col-50 elementor-inner-column elementor-element elementor-element-13850af\" data-id=\"13850af\" data-element_type=\"column\" data-e-type=\"column\">\n\t\t\t<div class=\"elementor-widget-wrap elementor-element-populated\">\n\t\t\t\t\t\t<div class=\"elementor-element elementor-element-f17dd7e elementor-align-end elementor-icon-list--layout-traditional elementor-list-item-link-full_width elementor-widget elementor-widget-icon-list\" data-id=\"f17dd7e\" data-element_type=\"widget\" data-e-type=\"widget\" data-widget_type=\"icon-list.default\">\n\t\t\t\t<div class=\"elementor-widget-container\">\n\t\t\t\t\t\t\t<ul class=\"elementor-icon-list-items\">\n\t\t\t\t\t\t\t<li class=\"elementor-icon-list-item\">\n\t\t\t\t\t\t\t\t\t\t\t<span class=\"elementor-icon-list-icon\">\n\t\t\t\t\t\t\t<i aria-hidden=\"true\" class=\"far fa-calendar-alt\"><\/i>\t\t\t\t\t\t<\/span>\n\t\t\t\t\t\t\t\t\t\t<span class=\"elementor-icon-list-text\">Del 28 de marzo al 5 de abril<\/span>\n\t\t\t\t\t\t\t\t\t<\/li>\n\t\t\t\t\t\t<\/ul>\n\t\t\t\t\t\t<\/div>\n\t\t\t\t<\/div>\n\t\t\t\t\t<\/div>\n\t\t<\/div>\n\t\t\t\t<div class=\"elementor-column elementor-col-50 elementor-inner-column elementor-element elementor-element-e9d556f\" data-id=\"e9d556f\" data-element_type=\"column\" data-e-type=\"column\">\n\t\t\t<div class=\"elementor-widget-wrap elementor-element-populated\">\n\t\t\t\t\t\t<div class=\"elementor-element elementor-element-553cc25 elementor-align-start elementor-icon-list--layout-traditional elementor-list-item-link-full_width elementor-widget elementor-widget-icon-list\" data-id=\"553cc25\" data-element_type=\"widget\" data-e-type=\"widget\" data-widget_type=\"icon-list.default\">\n\t\t\t\t<div class=\"elementor-widget-container\">\n\t\t\t\t\t\t\t<ul class=\"elementor-icon-list-items\">\n\t\t\t\t\t\t\t<li class=\"elementor-icon-list-item\">\n\t\t\t\t\t\t\t\t\t\t\t<span class=\"elementor-icon-list-icon\">\n\t\t\t\t\t\t\t<i aria-hidden=\"true\" class=\"fas fa-map-marker-alt\"><\/i>\t\t\t\t\t\t<\/span>\n\t\t\t\t\t\t\t\t\t\t<span class=\"elementor-icon-list-text\">Port de la Marina  |  Empuriabrava<\/span>\n\t\t\t\t\t\t\t\t\t<\/li>\n\t\t\t\t\t\t<\/ul>\n\t\t\t\t\t\t<\/div>\n\t\t\t\t<\/div>\n\t\t\t\t\t<\/div>\n\t\t<\/div>\n\t\t\t\t\t<\/div>\n\t\t<\/section>\n\t\t\t\t<section class=\"elementor-section elementor-inner-section elementor-element elementor-element-1626f7f elementor-section-boxed elementor-section-height-default elementor-section-height-default\" data-id=\"1626f7f\" data-element_type=\"section\" data-e-type=\"section\">\n\t\t\t\t\t\t<div class=\"elementor-container elementor-column-gap-default\">\n\t\t\t\t\t<div class=\"elementor-column elementor-col-100 elementor-inner-column elementor-element elementor-element-e887c6b\" data-id=\"e887c6b\" data-element_type=\"column\" data-e-type=\"column\">\n\t\t\t<div class=\"elementor-widget-wrap elementor-element-populated\">\n\t\t\t\t\t\t<div class=\"elementor-element elementor-element-5dee51e elementor-headline--style-highlight elementor-widget elementor-widget-animated-headline\" data-id=\"5dee51e\" data-element_type=\"widget\" data-e-type=\"widget\" data-settings=\"{&quot;marker&quot;:&quot;underline&quot;,&quot;highlighted_text&quot;:&quot;  20 PLAZAS&quot;,&quot;headline_style&quot;:&quot;highlight&quot;,&quot;loop&quot;:&quot;yes&quot;,&quot;highlight_animation_duration&quot;:1200,&quot;highlight_iteration_delay&quot;:8000}\" data-widget_type=\"animated-headline.default\">\n\t\t\t\t<div class=\"elementor-widget-container\">\n\t\t\t\t\t\t\t<h4 class=\"elementor-headline\">\n\t\t\t\t\t<span class=\"elementor-headline-plain-text elementor-headline-text-wrapper\">SOLO<\/span>\n\t\t\t\t<span class=\"elementor-headline-dynamic-wrapper elementor-headline-text-wrapper\">\n\t\t\t\t\t<span class=\"elementor-headline-dynamic-text elementor-headline-text-active\">  20 PLAZAS<\/span>\n\t\t\t\t<\/span>\n\t\t\t\t<\/h4>\n\t\t\t\t\t\t<\/div>\n\t\t\t\t<\/div>\n\t\t\t\t<div class=\"elementor-element elementor-element-7ac7a6f elementor-widget elementor-widget-heading\" data-id=\"7ac7a6f\" data-element_type=\"widget\" data-e-type=\"widget\" data-widget_type=\"heading.default\">\n\t\t\t\t<div class=\"elementor-widget-container\">\n\t\t\t\t\t<h2 class=\"elementor-heading-title elementor-size-default\">\u00a1Reserva tu prueba gratuita!<\/h2>\t\t\t\t<\/div>\n\t\t\t\t<\/div>\n\t\t\t\t<div class=\"elementor-element elementor-element-a67e678 elementor-button-align-stretch elementor-widget elementor-widget-form\" data-id=\"a67e678\" data-element_type=\"widget\" data-e-type=\"widget\" data-settings=\"{&quot;step_next_label&quot;:&quot;Siguiente&quot;,&quot;step_previous_label&quot;:&quot;Anterior&quot;,&quot;step_type&quot;:&quot;number_text&quot;,&quot;step_icon_shape&quot;:&quot;circle&quot;}\" data-widget_type=\"form.default\">\n\t\t\t\t<div class=\"elementor-widget-container\">\n\t\t\t\t\t\t\t<form class=\"elementor-form\" method=\"post\" name=\"Nuevo formulario\" aria-label=\"Nuevo formulario\">\n\t\t\t<input type=\"hidden\" name=\"post_id\" value=\"1861\"\/>\n\t\t\t<input type=\"hidden\" name=\"form_id\" value=\"a67e678\"\/>\n\t\t\t<input type=\"hidden\" name=\"referer_title\" value=\"Maro Boats\" \/>\n\n\t\t\t\n\t\t\t<div class=\"elementor-form-fields-wrapper elementor-labels-\">\n\t\t\t\t\t\t\t\t<div class=\"elementor-field-type-text elementor-field-group elementor-column elementor-field-group-name elementor-col-100 elementor-field-required\">\n\t\t\t\t\t\t\t\t\t\t\t\t<label for=\"form-field-name\" class=\"elementor-field-label elementor-screen-only\">\n\t\t\t\t\t\t\t\tNombre\t\t\t\t\t\t\t<\/label>\n\t\t\t\t\t\t\t\t\t\t\t\t\t\t<input size=\"1\" type=\"text\" name=\"form_fields[name]\" id=\"form-field-name\" class=\"elementor-field elementor-size-md  elementor-field-textual\" placeholder=\"A\u00f1ade aqu\u00ed tu nombre\" required=\"required\">\n\t\t\t\t\t\t\t\t\t\t\t<\/div>\n\t\t\t\t\t\t\t\t<div class=\"elementor-field-type-email elementor-field-group elementor-column elementor-field-group-email elementor-col-100 elementor-field-required\">\n\t\t\t\t\t\t\t\t\t\t\t\t<label for=\"form-field-email\" class=\"elementor-field-label elementor-screen-only\">\n\t\t\t\t\t\t\t\tCorreo electr\u00f3nico\t\t\t\t\t\t\t<\/label>\n\t\t\t\t\t\t\t\t\t\t\t\t\t\t<input size=\"1\" type=\"email\" name=\"form_fields[email]\" id=\"form-field-email\" class=\"elementor-field elementor-size-md  elementor-field-textual\" placeholder=\"A\u00f1ade aqu\u00ed tu correo electr\u00f3nico\" required=\"required\">\n\t\t\t\t\t\t\t\t\t\t\t<\/div>\n\t\t\t\t\t\t\t\t<div class=\"elementor-field-type-tel elementor-field-group elementor-column elementor-field-group-message elementor-col-100\">\n\t\t\t\t\t\t\t\t\t\t\t\t<label for=\"form-field-message\" class=\"elementor-field-label elementor-screen-only\">\n\t\t\t\t\t\t\t\tTelefono\t\t\t\t\t\t\t<\/label>\n\t\t\t\t\t\t\t\t<input size=\"1\" type=\"tel\" name=\"form_fields[message]\" id=\"form-field-message\" class=\"elementor-field elementor-size-md  elementor-field-textual\" placeholder=\"A\u00f1ade aqu\u00ed tu tel\u00e9fono\" pattern=\"[0-9()#&amp;+*-=.]+\" title=\"Only numbers and phone characters (#, -, *, etc) are accepted.\">\n\n\t\t\t\t\t\t<\/div>\n\t\t\t\t\t\t\t\t<div class=\"elementor-field-type-checkbox elementor-field-group elementor-column elementor-field-group-field_525a7a6 elementor-col-100\">\n\t\t\t\t\t<div class=\"elementor-field-subgroup  \"><span class=\"elementor-field-option\"><input type=\"checkbox\" value=\"He le\u00eddo y acepto el &lt;a href=&quot;https:\/\/maroboats.com\/aviso-legal&quot; style=&quot;color: #fff; font-weight: bold;&quot;&gt;aviso legal&lt;\/a&gt; y la &lt;a href=&quot;https:\/\/maroboats.com\/politica-de-privacidad\/&quot; style=&quot;color: #fff; font-weight: bold;&quot;&gt;pol\u00edtica de privacidad&lt;\/a&gt;\" id=\"form-field-field_525a7a6-0\" name=\"form_fields[field_525a7a6]\"> <label for=\"form-field-field_525a7a6-0\">He le\u00eddo y acepto el <a href=\"https:\/\/maroboats.com\/aviso-legal\" style=\"color: #fff; font-weight: bold;\">aviso legal<\/a> y la <a href=\"https:\/\/maroboats.com\/politica-de-privacidad\/\" style=\"color: #fff; font-weight: bold;\">pol\u00edtica de privacidad<\/a><\/label><\/span><\/div>\t\t\t\t<\/div>\n\t\t\t\t\t\t\t\t<div class=\"elementor-field-group elementor-column elementor-field-type-submit elementor-col-100 e-form__buttons\">\n\t\t\t\t\t<button class=\"elementor-button elementor-size-md\" type=\"submit\">\n\t\t\t\t\t\t<span class=\"elementor-button-content-wrapper\">\n\t\t\t\t\t\t\t\t\t\t\t\t\t\t\t\t\t\t\t\t\t\t<span class=\"elementor-button-text\">ENVIAR<\/span>\n\t\t\t\t\t\t\t\t\t\t\t\t\t<\/span>\n\t\t\t\t\t<\/button>\n\t\t\t\t<\/div>\n\t\t\t<\/div>\n\t\t<\/form>\n\t\t\t\t\t\t<\/div>\n\t\t\t\t<\/div>\n\t\t\t\t<div class=\"elementor-element elementor-element-1d5f212 elementor-widget elementor-widget-image\" data-id=\"1d5f212\" data-element_type=\"widget\" data-e-type=\"widget\" data-widget_type=\"image.default\">\n\t\t\t\t<div class=\"elementor-widget-container\">\n\t\t\t\t\t\t\t\t\t\t\t\t\t\t\t<img fetchpriority=\"high\" decoding=\"async\" width=\"768\" height=\"131\" src=\"https:\/\/maroboats.com\/wp-content\/uploads\/2026\/03\/Sin-titulo-2.png\" class=\"attachment-large size-large wp-image-1863\" alt=\"\" srcset=\"https:\/\/maroboats.com\/wp-content\/uploads\/2026\/03\/Sin-titulo-2.png 768w, https:\/\/maroboats.com\/wp-content\/uploads\/2026\/03\/Sin-titulo-2-300x51.png 300w\" sizes=\"(max-width: 768px) 100vw, 768px\" \/>\t\t\t\t\t\t\t\t\t\t\t\t\t\t\t<\/div>\n\t\t\t\t<\/div>\n\t\t\t\t\t<\/div>\n\t\t<\/div>\n\t\t\t\t\t<\/div>\n\t\t<\/section>\n\t\t\t\t\t<\/div>\n\t\t<\/div>\n\t\t\t\t\t<\/div>\n\t\t<\/section>\n\t\t\t\t<\/div>\n\t\t","protected":false},"excerpt":{"rendered":"<p>\u00a1Descubre las semirr\u00edgidas de Maro Boats! Ven a vernos en la Fira del Vaixell d&#8217;Ocasi\u00f3 Del 28 de marzo al [&hellip;]<\/p>\n","protected":false},"author":3,"featured_media":0,"parent":0,"menu_order":0,"comment_status":"closed","ping_status":"closed","template":"","meta":{"site-sidebar-layout":"no-sidebar","site-content-layout":"page-builder","ast-site-content-layout":"full-width-container","site-content-style":"default","site-sidebar-style":"default","ast-global-header-display":"","ast-banner-title-visibility":"","ast-main-header-display":"","ast-hfb-above-header-display":"","ast-hfb-below-header-display":"","ast-hfb-mobile-header-display":"","site-post-title":"","ast-breadcrumbs-content":"","ast-featured-img":"disabled","footer-sml-layout":"","ast-disable-related-posts":"","theme-transparent-header-meta":"","adv-header-id-meta":"","stick-header-meta":"","header-above-stick-meta":"","header-main-stick-meta":"","header-below-stick-meta":"","astra-migrate-meta-layouts":"default","ast-page-background-enabled":"default","ast-page-background-meta":{"desktop":{"background-color":"var(--ast-global-color-4)","background-image":"","background-repeat":"repeat","background-position":"center center","background-size":"auto","background-attachment":"scroll","background-type":"","background-media":"","overlay-type":"","overlay-color":"","overlay-opacity":"","overlay-gradient":""},"tablet":{"background-color":"","background-image":"","background-repeat":"repeat","background-position":"center center","background-size":"auto","background-attachment":"scroll","background-type":"","background-media":"","overlay-type":"","overlay-color":"","overlay-opacity":"","overlay-gradient":""},"mobile":{"background-color":"","background-image":"","background-repeat":"repeat","background-position":"center center","background-size":"auto","background-attachment":"scroll","background-type":"","background-media":"","overlay-type":"","overlay-color":"","overlay-opacity":"","overlay-gradient":""}},"ast-content-background-meta":{"desktop":{"background-color":"var(--ast-global-color-5)","background-image":"","background-repeat":"repeat","background-position":"center center","background-size":"auto","background-attachment":"scroll","background-type":"","background-media":"","overlay-type":"","overlay-color":"","overlay-opacity":"","overlay-gradient":""},"tablet":{"background-color":"var(--ast-global-color-5)","background-image":"","background-repeat":"repeat","background-position":"center center","background-size":"auto","background-attachment":"scroll","background-type":"","background-media":"","overlay-type":"","overlay-color":"","overlay-opacity":"","overlay-gradient":""},"mobile":{"background-color":"var(--ast-global-color-5)","background-image":"","background-repeat":"repeat","background-position":"center center","background-size":"auto","background-attachment":"scroll","background-type":"","background-media":"","overlay-type":"","overlay-color":"","overlay-opacity":"","overlay-gradient":""}},"footnotes":""},"class_list":["post-1861","page","type-page","status-publish","hentry"],"yoast_head":"<!-- This site is optimized with the Yoast SEO plugin v27.2 - https:\/\/yoast.com\/product\/yoast-seo-wordpress\/ -->\n<title>Fira del Vaixell d&#039;Empuriabrava - Maro Boats<\/title>\n<meta name=\"robots\" content=\"index, follow, max-snippet:-1, max-image-preview:large, max-video-preview:-1\" \/>\n<link rel=\"canonical\" href=\"https:\/\/maroboats.com\/en\/fira-del-vaixell-dempuriabrava\/\" \/>\n<meta property=\"og:locale\" content=\"en_US\" \/>\n<meta property=\"og:type\" content=\"article\" \/>\n<meta property=\"og:title\" content=\"Fira del Vaixell d&#039;Empuriabrava - Maro Boats\" \/>\n<meta property=\"og:description\" content=\"\u00a1Descubre las semirr\u00edgidas de Maro Boats! Ven a vernos en la Fira del Vaixell d&#8217;Ocasi\u00f3 Del 28 de marzo al [&hellip;]\" \/>\n<meta property=\"og:url\" content=\"https:\/\/maroboats.com\/en\/fira-del-vaixell-dempuriabrava\/\" \/>\n<meta property=\"og:site_name\" content=\"Maro Boats\" \/>\n<meta property=\"article:modified_time\" content=\"2026-03-10T10:00:18+00:00\" \/>\n<meta property=\"og:image\" content=\"https:\/\/maroboats.com\/wp-content\/uploads\/2026\/03\/Sin-titulo-2.png\" \/>\n\t<meta property=\"og:image:width\" content=\"768\" \/>\n\t<meta property=\"og:image:height\" content=\"131\" \/>\n\t<meta property=\"og:image:type\" content=\"image\/png\" \/>\n<meta name=\"twitter:card\" content=\"summary_large_image\" \/>\n<script type=\"application\/ld+json\" class=\"yoast-schema-graph\">{\"@context\":\"https:\/\/schema.org\",\"@graph\":[{\"@type\":\"WebPage\",\"@id\":\"https:\/\/maroboats.com\/en\/fira-del-vaixell-dempuriabrava\/\",\"url\":\"https:\/\/maroboats.com\/en\/fira-del-vaixell-dempuriabrava\/\",\"name\":\"Fira del Vaixell d'Empuriabrava - Maro Boats\",\"isPartOf\":{\"@id\":\"https:\/\/maroboats.com\/#website\"},\"primaryImageOfPage\":{\"@id\":\"https:\/\/maroboats.com\/en\/fira-del-vaixell-dempuriabrava\/#primaryimage\"},\"image\":{\"@id\":\"https:\/\/maroboats.com\/en\/fira-del-vaixell-dempuriabrava\/#primaryimage\"},\"thumbnailUrl\":\"https:\/\/maroboats.com\/wp-content\/uploads\/2026\/03\/Sin-titulo-2.png\",\"datePublished\":\"2026-03-06T10:53:59+00:00\",\"dateModified\":\"2026-03-10T10:00:18+00:00\",\"breadcrumb\":{\"@id\":\"https:\/\/maroboats.com\/en\/fira-del-vaixell-dempuriabrava\/#breadcrumb\"},\"inLanguage\":\"en-US\",\"potentialAction\":[{\"@type\":\"ReadAction\",\"target\":[\"https:\/\/maroboats.com\/en\/fira-del-vaixell-dempuriabrava\/\"]}]},{\"@type\":\"ImageObject\",\"inLanguage\":\"en-US\",\"@id\":\"https:\/\/maroboats.com\/en\/fira-del-vaixell-dempuriabrava\/#primaryimage\",\"url\":\"https:\/\/maroboats.com\/wp-content\/uploads\/2026\/03\/Sin-titulo-2.png\",\"contentUrl\":\"https:\/\/maroboats.com\/wp-content\/uploads\/2026\/03\/Sin-titulo-2.png\"},{\"@type\":\"BreadcrumbList\",\"@id\":\"https:\/\/maroboats.com\/en\/fira-del-vaixell-dempuriabrava\/#breadcrumb\",\"itemListElement\":[{\"@type\":\"ListItem\",\"position\":1,\"name\":\"Home\",\"item\":\"https:\/\/maroboats.com\/\"},{\"@type\":\"ListItem\",\"position\":2,\"name\":\"Fira del Vaixell d&#8217;Empuriabrava\"}]},{\"@type\":\"WebSite\",\"@id\":\"https:\/\/maroboats.com\/#website\",\"url\":\"https:\/\/maroboats.com\/\",\"name\":\"Maro Boats\",\"description\":\"\",\"publisher\":{\"@id\":\"https:\/\/maroboats.com\/#organization\"},\"potentialAction\":[{\"@type\":\"SearchAction\",\"target\":{\"@type\":\"EntryPoint\",\"urlTemplate\":\"https:\/\/maroboats.com\/?s={search_term_string}\"},\"query-input\":{\"@type\":\"PropertyValueSpecification\",\"valueRequired\":true,\"valueName\":\"search_term_string\"}}],\"inLanguage\":\"en-US\"},{\"@type\":\"Organization\",\"@id\":\"https:\/\/maroboats.com\/#organization\",\"name\":\"Maro Boats\",\"url\":\"https:\/\/maroboats.com\/\",\"logo\":{\"@type\":\"ImageObject\",\"inLanguage\":\"en-US\",\"@id\":\"https:\/\/maroboats.com\/#\/schema\/logo\/image\/\",\"url\":\"https:\/\/maroboats.com\/wp-content\/uploads\/2025\/03\/cropped-logo_512-03.png\",\"contentUrl\":\"https:\/\/maroboats.com\/wp-content\/uploads\/2025\/03\/cropped-logo_512-03.png\",\"width\":512,\"height\":512,\"caption\":\"Maro Boats\"},\"image\":{\"@id\":\"https:\/\/maroboats.com\/#\/schema\/logo\/image\/\"}}]}<\/script>\n<!-- \/ Yoast SEO plugin. -->","yoast_head_json":{"title":"Fira del Vaixell d'Empuriabrava - Maro Boats","robots":{"index":"index","follow":"follow","max-snippet":"max-snippet:-1","max-image-preview":"max-image-preview:large","max-video-preview":"max-video-preview:-1"},"canonical":"https:\/\/maroboats.com\/en\/fira-del-vaixell-dempuriabrava\/","og_locale":"en_US","og_type":"article","og_title":"Fira del Vaixell d'Empuriabrava - Maro Boats","og_description":"\u00a1Descubre las semirr\u00edgidas de Maro Boats! Ven a vernos en la Fira del Vaixell d&#8217;Ocasi\u00f3 Del 28 de marzo al [&hellip;]","og_url":"https:\/\/maroboats.com\/en\/fira-del-vaixell-dempuriabrava\/","og_site_name":"Maro Boats","article_modified_time":"2026-03-10T10:00:18+00:00","og_image":[{"width":768,"height":131,"url":"https:\/\/maroboats.com\/wp-content\/uploads\/2026\/03\/Sin-titulo-2.png","type":"image\/png"}],"twitter_card":"summary_large_image","schema":{"@context":"https:\/\/schema.org","@graph":[{"@type":"WebPage","@id":"https:\/\/maroboats.com\/en\/fira-del-vaixell-dempuriabrava\/","url":"https:\/\/maroboats.com\/en\/fira-del-vaixell-dempuriabrava\/","name":"Fira del Vaixell d'Empuriabrava - Maro Boats","isPartOf":{"@id":"https:\/\/maroboats.com\/#website"},"primaryImageOfPage":{"@id":"https:\/\/maroboats.com\/en\/fira-del-vaixell-dempuriabrava\/#primaryimage"},"image":{"@id":"https:\/\/maroboats.com\/en\/fira-del-vaixell-dempuriabrava\/#primaryimage"},"thumbnailUrl":"https:\/\/maroboats.com\/wp-content\/uploads\/2026\/03\/Sin-titulo-2.png","datePublished":"2026-03-06T10:53:59+00:00","dateModified":"2026-03-10T10:00:18+00:00","breadcrumb":{"@id":"https:\/\/maroboats.com\/en\/fira-del-vaixell-dempuriabrava\/#breadcrumb"},"inLanguage":"en-US","potentialAction":[{"@type":"ReadAction","target":["https:\/\/maroboats.com\/en\/fira-del-vaixell-dempuriabrava\/"]}]},{"@type":"ImageObject","inLanguage":"en-US","@id":"https:\/\/maroboats.com\/en\/fira-del-vaixell-dempuriabrava\/#primaryimage","url":"https:\/\/maroboats.com\/wp-content\/uploads\/2026\/03\/Sin-titulo-2.png","contentUrl":"https:\/\/maroboats.com\/wp-content\/uploads\/2026\/03\/Sin-titulo-2.png"},{"@type":"BreadcrumbList","@id":"https:\/\/maroboats.com\/en\/fira-del-vaixell-dempuriabrava\/#breadcrumb","itemListElement":[{"@type":"ListItem","position":1,"name":"Home","item":"https:\/\/maroboats.com\/"},{"@type":"ListItem","position":2,"name":"Fira del Vaixell d&#8217;Empuriabrava"}]},{"@type":"WebSite","@id":"https:\/\/maroboats.com\/#website","url":"https:\/\/maroboats.com\/","name":"Maro Boats","description":"","publisher":{"@id":"https:\/\/maroboats.com\/#organization"},"potentialAction":[{"@type":"SearchAction","target":{"@type":"EntryPoint","urlTemplate":"https:\/\/maroboats.com\/?s={search_term_string}"},"query-input":{"@type":"PropertyValueSpecification","valueRequired":true,"valueName":"search_term_string"}}],"inLanguage":"en-US"},{"@type":"Organization","@id":"https:\/\/maroboats.com\/#organization","name":"Maro Boats","url":"https:\/\/maroboats.com\/","logo":{"@type":"ImageObject","inLanguage":"en-US","@id":"https:\/\/maroboats.com\/#\/schema\/logo\/image\/","url":"https:\/\/maroboats.com\/wp-content\/uploads\/2025\/03\/cropped-logo_512-03.png","contentUrl":"https:\/\/maroboats.com\/wp-content\/uploads\/2025\/03\/cropped-logo_512-03.png","width":512,"height":512,"caption":"Maro Boats"},"image":{"@id":"https:\/\/maroboats.com\/#\/schema\/logo\/image\/"}}]}},"_links":{"self":[{"href":"https:\/\/maroboats.com\/en\/wp-json\/wp\/v2\/pages\/1861","targetHints":{"allow":["GET"]}}],"collection":[{"href":"https:\/\/maroboats.com\/en\/wp-json\/wp\/v2\/pages"}],"about":[{"href":"https:\/\/maroboats.com\/en\/wp-json\/wp\/v2\/types\/page"}],"author":[{"embeddable":true,"href":"https:\/\/maroboats.com\/en\/wp-json\/wp\/v2\/users\/3"}],"replies":[{"embeddable":true,"href":"https:\/\/maroboats.com\/en\/wp-json\/wp\/v2\/comments?post=1861"}],"version-history":[{"count":48,"href":"https:\/\/maroboats.com\/en\/wp-json\/wp\/v2\/pages\/1861\/revisions"}],"predecessor-version":[{"id":1915,"href":"https:\/\/maroboats.com\/en\/wp-json\/wp\/v2\/pages\/1861\/revisions\/1915"}],"wp:attachment":[{"href":"https:\/\/maroboats.com\/en\/wp-json\/wp\/v2\/media?parent=1861"}],"curies":[{"name":"wp","href":"https:\/\/api.w.org\/{rel}","templated":true}]}}